{"id":4490,"date":"2025-09-29T16:21:27","date_gmt":"2025-09-29T16:21:27","guid":{"rendered":"https:\/\/esim.grahammiranda.com\/?page_id=4490"},"modified":"2025-09-29T16:21:45","modified_gmt":"2025-09-29T16:21:45","slug":"erstattungsrichtlinie","status":"publish","type":"page","link":"https:\/\/esim.grahammiranda.com\/de\/legal\/erstattungsrichtlinie\/","title":{"rendered":"Erstattungspolitik"},"content":{"rendered":"<p><strong>Erstattungspolitik<\/strong><\/p>\n\n\n\n<p><em>Zuletzt aktualisiert: September 29, 2025<\/em><\/p>\n\n\n\n<p><strong>1. 14-T\u00c4GIGES WIDERRUFSRECHT<\/strong><\/p>\n\n\n\n<p>Gem\u00e4\u00df dem deutschen Verbraucherschutzgesetz haben Sie das Recht, innerhalb von 14 Tagen von Ihrem Kauf zur\u00fcckzutreten.<\/p>\n\n\n\n<p><strong>2. WANN ERSTATTUNGEN GELTEN<\/strong><\/p>\n\n\n\n<ul class=\"wp-block-list\">\n<li>Ungenutzte eSIM-Datenpakete innerhalb von 14 Tagen nach dem Kauf<\/li>\n\n\n\n<li>Vor der eSIM-Aktivierung oder der ersten Verwendung<\/li>\n\n\n\n<li>Technische Probleme, die die Nutzung des Dienstes verhindern<\/li>\n<\/ul>\n\n\n\n<p><strong>3. WENN KEINE ERSTATTUNG ERFOLGT<\/strong><\/p>\n\n\n\n<ul class=\"wp-block-list\">\n<li>Genutzte oder teilweise genutzte eSIM-Daten<\/li>\n\n\n\n<li>Nach 14-t\u00e4giger Widerrufsfrist<\/li>\n\n\n\n<li>Dienstleistungen, die mit Ihrer ausdr\u00fccklichen Zustimmung vor Ablauf der Widerrufsfrist begonnen wurden<\/li>\n<\/ul>\n\n\n\n<p><strong>4. ERSTATTUNGSPROZESS<\/strong><\/p>\n\n\n\n<ol class=\"wp-block-list\">\n<li>E-Mail graham@grahammiranda.com innerhalb von 14 Tagen<\/li>\n\n\n\n<li>Auftragsnummer und Grund angeben<\/li>\n\n\n\n<li>Wir bearbeiten Erstattungen innerhalb von 14 Tagen mit Ihrer urspr\u00fcnglichen Zahlungsmethode.<\/li>\n<\/ol>\n\n\n\n<p><strong>5. TEILERSTATTUNGEN<\/strong><\/p>\n\n\n\n<p>Aufgrund des Charakters digitaler Dienste ist eine teilweise R\u00fcckerstattung f\u00fcr teilweise genutzte Datenpakete nicht m\u00f6glich.<\/p>","protected":false},"excerpt":{"rendered":"<p>Refund Policy Last Updated: September 29, 2025 1. 14-DAY RIGHT OF WITHDRAWAL As mandated by German consumer protection law, you have the right to withdraw from your purchase within 14 days. 2. WHEN REFUNDS APPLY 3. WHEN NO REFUNDS APPLY 4. REFUND PROCESS 5. PARTIAL REFUNDS No partial refunds for partially used data packages due [&hellip;]<\/p>","protected":false},"author":1,"featured_media":0,"parent":0,"menu_order":0,"comment_status":"closed","ping_status":"closed","template":"","meta":{"site-sidebar-layout":"default","site-content-layout":"","ast-site-content-layout":"default","site-content-style":"default","site-sidebar-style":"default","ast-global-header-display":"","ast-banner-title-visibility":"","ast-main-header-display":"","ast-hfb-above-header-display":"","ast-hfb-below-header-display":"","ast-hfb-mobile-header-display":"","site-post-title":"","ast-breadcrumbs-content":"","ast-featured-img":"","footer-sml-layout":"","theme-transparent-header-meta":"","adv-header-id-meta":"","stick-header-meta":"","header-above-stick-meta":"","header-main-stick-meta":"","header-below-stick-meta":"","astra-migrate-meta-layouts":"set","ast-page-background-enabled":"default","ast-page-background-meta":{"desktop":{"background-color":"var(--ast-global-color-4)","background-image":"","background-repeat":"repeat","background-position":"center center","background-size":"auto","background-attachment":"scroll","background-type":"","background-media":"","overlay-type":"","overlay-color":"","overlay-opacity":"","overlay-gradient":""},"tablet":{"background-color":"","background-image":"","background-repeat":"repeat","background-position":"center center","background-size":"auto","background-attachment":"scroll","background-type":"","background-media":"","overlay-type":"","overlay-color":"","overlay-opacity":"","overlay-gradient":""},"mobile":{"background-color":"","background-image":"","background-repeat":"repeat","background-position":"center center","background-size":"auto","background-attachment":"scroll","background-type":"","background-media":"","overlay-type":"","overlay-color":"","overlay-opacity":"","overlay-gradient":""}},"ast-content-background-meta":{"desktop":{"background-color":"var(--ast-global-color-5)","background-image":"","background-repeat":"repeat","background-position":"center center","background-size":"auto","background-attachment":"scroll","background-type":"","background-media":"","overlay-type":"","overlay-color":"","overlay-opacity":"","overlay-gradient":""},"tablet":{"background-color":"var(--ast-global-color-5)","background-image":"","background-repeat":"repeat","background-position":"center center","background-size":"auto","background-attachment":"scroll","background-type":"","background-media":"","overlay-type":"","overlay-color":"","overlay-opacity":"","overlay-gradient":""},"mobile":{"background-color":"var(--ast-global-color-5)","background-image":"","background-repeat":"repeat","background-position":"center center","background-size":"auto","background-attachment":"scroll","background-type":"","background-media":"","overlay-type":"","overlay-color":"","overlay-opacity":"","overlay-gradient":""}},"iawp_total_views":5,"footnotes":""},"class_list":["post-4490","page","type-page","status-publish","hentry"],"yoast_head":"<!-- This site is optimized with the Yoast SEO Premium plugin v26.2 (Yoast SEO v26.2) - https:\/\/yoast.com\/wordpress\/plugins\/seo\/ -->\n<title>Refund Policy - Graham Miranda eSIM<\/title>\n<meta name=\"description\" content=\"Information about refunds, 14-day withdrawal rights for consumers, and when refunds apply for digital eSIM services under German law.\" \/>\n<meta name=\"robots\" content=\"index, follow, max-snippet:-1, max-image-preview:large, max-video-preview:-1\" \/>\n<link rel=\"canonical\" href=\"https:\/\/esim.grahammiranda.com\/de\/legal\/erstattungsrichtlinie\/\" \/>\n<meta property=\"og:locale\" content=\"de_DE\" \/>\n<meta property=\"og:type\" content=\"article\" \/>\n<meta property=\"og:title\" content=\"Refund Policy\" \/>\n<meta property=\"og:description\" content=\"Information about refunds, 14-day withdrawal rights for consumers, and when refunds apply for digital eSIM services under German law.\" \/>\n<meta property=\"og:url\" content=\"https:\/\/esim.grahammiranda.com\/de\/legal\/erstattungsrichtlinie\/\" \/>\n<meta property=\"og:site_name\" content=\"Graham Miranda eSIM\" \/>\n<meta property=\"article:modified_time\" content=\"2025-09-29T16:21:45+00:00\" \/>\n<meta property=\"og:image\" content=\"https:\/\/esim.grahammiranda.com\/wp-content\/uploads\/2025\/09\/cropped-IMAGEFINAL-img-scaled-1.webp\" \/>\n\t<meta property=\"og:image:width\" content=\"512\" \/>\n\t<meta property=\"og:image:height\" content=\"512\" \/>\n\t<meta property=\"og:image:type\" content=\"image\/webp\" \/>\n<meta name=\"twitter:card\" content=\"summary_large_image\" \/>\n<meta name=\"twitter:label1\" content=\"Gesch\u00e4tzte Lesezeit\" \/>\n\t<meta name=\"twitter:data1\" content=\"1\u00a0Minute\" \/>\n<script type=\"application\/ld+json\" class=\"yoast-schema-graph\">{\"@context\":\"https:\/\/schema.org\",\"@graph\":[{\"@type\":\"WebPage\",\"@id\":\"https:\/\/esim.grahammiranda.com\/de\/legal\/erstattungsrichtlinie\/\",\"url\":\"https:\/\/esim.grahammiranda.com\/de\/legal\/erstattungsrichtlinie\/\",\"name\":\"Refund Policy - Graham Miranda eSIM\",\"isPartOf\":{\"@id\":\"https:\/\/esim.grahammiranda.com\/de\/#website\"},\"datePublished\":\"2025-09-29T16:21:27+00:00\",\"dateModified\":\"2025-09-29T16:21:45+00:00\",\"description\":\"Information about refunds, 14-day withdrawal rights for consumers, and when refunds apply for digital eSIM services under German law.\",\"breadcrumb\":{\"@id\":\"https:\/\/esim.grahammiranda.com\/de\/legal\/erstattungsrichtlinie\/#breadcrumb\"},\"inLanguage\":\"de\",\"potentialAction\":[{\"@type\":\"ReadAction\",\"target\":[\"https:\/\/esim.grahammiranda.com\/de\/legal\/erstattungsrichtlinie\/\"]}]},{\"@type\":\"BreadcrumbList\",\"@id\":\"https:\/\/esim.grahammiranda.com\/de\/legal\/erstattungsrichtlinie\/#breadcrumb\",\"itemListElement\":[{\"@type\":\"ListItem\",\"position\":1,\"name\":\"Home\",\"item\":\"https:\/\/esim.grahammiranda.com\/\"},{\"@type\":\"ListItem\",\"position\":2,\"name\":\"Refund Policy\"}]},{\"@type\":\"WebSite\",\"@id\":\"https:\/\/esim.grahammiranda.com\/de\/#website\",\"url\":\"https:\/\/esim.grahammiranda.com\/de\/\",\"name\":\"Graham Miranda eSIM\",\"description\":\"\",\"publisher\":{\"@id\":\"https:\/\/esim.grahammiranda.com\/de\/#organization\"},\"potentialAction\":[{\"@type\":\"SearchAction\",\"target\":{\"@type\":\"EntryPoint\",\"urlTemplate\":\"https:\/\/esim.grahammiranda.com\/de\/?s={search_term_string}\"},\"query-input\":{\"@type\":\"PropertyValueSpecification\",\"valueRequired\":true,\"valueName\":\"search_term_string\"}}],\"inLanguage\":\"de\"},{\"@type\":\"Organization\",\"@id\":\"https:\/\/esim.grahammiranda.com\/de\/#organization\",\"name\":\"Graham Miranda\",\"url\":\"https:\/\/esim.grahammiranda.com\/de\/\",\"logo\":{\"@type\":\"ImageObject\",\"inLanguage\":\"de\",\"@id\":\"https:\/\/esim.grahammiranda.com\/de\/#\/schema\/logo\/image\/\",\"url\":\"https:\/\/esim.grahammiranda.com\/wp-content\/uploads\/2025\/09\/eSIM-GrahamMiranda-Logo.webp\",\"contentUrl\":\"https:\/\/esim.grahammiranda.com\/wp-content\/uploads\/2025\/09\/eSIM-GrahamMiranda-Logo.webp\",\"width\":427,\"height\":363,\"caption\":\"Graham Miranda\"},\"image\":{\"@id\":\"https:\/\/esim.grahammiranda.com\/de\/#\/schema\/logo\/image\/\"},\"legalName\":\"Graham Miranda\",\"foundingDate\":\"2025-09-12\"}]}<\/script>\n<!-- \/ Yoast SEO Premium plugin. -->","yoast_head_json":{"title":"Erstattungsrichtlinie - Graham Miranda eSIM","description":"Informationen \u00fcber R\u00fcckerstattungen, 14-t\u00e4gige Widerrufsrechte f\u00fcr Verbraucher und wann R\u00fcckerstattungen f\u00fcr digitale eSIM-Dienste nach deutschem Recht gelten.","robots":{"index":"index","follow":"follow","max-snippet":"max-snippet:-1","max-image-preview":"max-image-preview:large","max-video-preview":"max-video-preview:-1"},"canonical":"https:\/\/esim.grahammiranda.com\/de\/legal\/erstattungsrichtlinie\/","og_locale":"de_DE","og_type":"article","og_title":"Refund Policy","og_description":"Information about refunds, 14-day withdrawal rights for consumers, and when refunds apply for digital eSIM services under German law.","og_url":"https:\/\/esim.grahammiranda.com\/de\/legal\/erstattungsrichtlinie\/","og_site_name":"Graham Miranda eSIM","article_modified_time":"2025-09-29T16:21:45+00:00","og_image":[{"width":512,"height":512,"url":"https:\/\/esim.grahammiranda.com\/wp-content\/uploads\/2025\/09\/cropped-IMAGEFINAL-img-scaled-1.webp","type":"image\/webp"}],"twitter_card":"summary_large_image","twitter_misc":{"Gesch\u00e4tzte Lesezeit":"1\u00a0Minute"},"schema":{"@context":"https:\/\/schema.org","@graph":[{"@type":"WebPage","@id":"https:\/\/esim.grahammiranda.com\/de\/legal\/erstattungsrichtlinie\/","url":"https:\/\/esim.grahammiranda.com\/de\/legal\/erstattungsrichtlinie\/","name":"Erstattungsrichtlinie - Graham Miranda eSIM","isPartOf":{"@id":"https:\/\/esim.grahammiranda.com\/de\/#website"},"datePublished":"2025-09-29T16:21:27+00:00","dateModified":"2025-09-29T16:21:45+00:00","description":"Informationen \u00fcber R\u00fcckerstattungen, 14-t\u00e4gige Widerrufsrechte f\u00fcr Verbraucher und wann R\u00fcckerstattungen f\u00fcr digitale eSIM-Dienste nach deutschem Recht gelten.","breadcrumb":{"@id":"https:\/\/esim.grahammiranda.com\/de\/legal\/erstattungsrichtlinie\/#breadcrumb"},"inLanguage":"de","potentialAction":[{"@type":"ReadAction","target":["https:\/\/esim.grahammiranda.com\/de\/legal\/erstattungsrichtlinie\/"]}]},{"@type":"BreadcrumbList","@id":"https:\/\/esim.grahammiranda.com\/de\/legal\/erstattungsrichtlinie\/#breadcrumb","itemListElement":[{"@type":"ListItem","position":1,"name":"Home","item":"https:\/\/esim.grahammiranda.com\/"},{"@type":"ListItem","position":2,"name":"Refund Policy"}]},{"@type":"WebSite","@id":"https:\/\/esim.grahammiranda.com\/de\/#website","url":"https:\/\/esim.grahammiranda.com\/de\/","name":"Graham Miranda eSIM","description":"","publisher":{"@id":"https:\/\/esim.grahammiranda.com\/de\/#organization"},"potentialAction":[{"@type":"SearchAction","target":{"@type":"EntryPoint","urlTemplate":"https:\/\/esim.grahammiranda.com\/de\/?s={search_term_string}"},"query-input":{"@type":"PropertyValueSpecification","valueRequired":true,"valueName":"search_term_string"}}],"inLanguage":"de"},{"@type":"Organization","@id":"https:\/\/esim.grahammiranda.com\/de\/#organization","name":"Graham Miranda","url":"https:\/\/esim.grahammiranda.com\/de\/","logo":{"@type":"ImageObject","inLanguage":"de","@id":"https:\/\/esim.grahammiranda.com\/de\/#\/schema\/logo\/image\/","url":"https:\/\/esim.grahammiranda.com\/wp-content\/uploads\/2025\/09\/eSIM-GrahamMiranda-Logo.webp","contentUrl":"https:\/\/esim.grahammiranda.com\/wp-content\/uploads\/2025\/09\/eSIM-GrahamMiranda-Logo.webp","width":427,"height":363,"caption":"Graham Miranda"},"image":{"@id":"https:\/\/esim.grahammiranda.com\/de\/#\/schema\/logo\/image\/"},"legalName":"Graham Miranda","foundingDate":"2025-09-12"}]}},"_links":{"self":[{"href":"https:\/\/esim.grahammiranda.com\/de\/wp-json\/wp\/v2\/pages\/4490","targetHints":{"allow":["GET"]}}],"collection":[{"href":"https:\/\/esim.grahammiranda.com\/de\/wp-json\/wp\/v2\/pages"}],"about":[{"href":"https:\/\/esim.grahammiranda.com\/de\/wp-json\/wp\/v2\/types\/page"}],"author":[{"embeddable":true,"href":"https:\/\/esim.grahammiranda.com\/de\/wp-json\/wp\/v2\/users\/1"}],"replies":[{"embeddable":true,"href":"https:\/\/esim.grahammiranda.com\/de\/wp-json\/wp\/v2\/comments?post=4490"}],"version-history":[{"count":1,"href":"https:\/\/esim.grahammiranda.com\/de\/wp-json\/wp\/v2\/pages\/4490\/revisions"}],"predecessor-version":[{"id":4491,"href":"https:\/\/esim.grahammiranda.com\/de\/wp-json\/wp\/v2\/pages\/4490\/revisions\/4491"}],"wp:attachment":[{"href":"https:\/\/esim.grahammiranda.com\/de\/wp-json\/wp\/v2\/media?parent=4490"}],"curies":[{"name":"wp","href":"https:\/\/api.w.org\/{rel}","templated":true}]}}