{"id":2905,"date":"2025-09-27T20:28:48","date_gmt":"2025-09-27T20:28:48","guid":{"rendered":"https:\/\/esim.grahammiranda.com\/product\/central-asia\/"},"modified":"2025-09-27T21:31:37","modified_gmt":"2025-09-27T21:31:37","slug":"zentralasien","status":"publish","type":"product","link":"https:\/\/esim.grahammiranda.com\/de\/shop\/regional\/mehrere-lander\/zentralasien\/","title":{"rendered":"Zentralasien"},"content":{"rendered":"<div class=\"three-box-layout\">\n<div class=\"box box-features\">\n<h2>Eigenschaften<\/h2>\n<ul>\n<li class=\"feature-item\" data-feature=\"use-in\">\n        <strong>Verwendung in:<\/strong> \ud83c\uddfa\ud83c\uddff, \ud83c\uddf0\ud83c\uddff, \ud83c\uddf0\ud83c\uddec, \ud83c\uddf5\ud83c\uddf0, \ud83c\uddf1\ud83c\uddf0\n      <\/li>\n<li class=\"feature-item\" data-feature=\"top-up\">\n        <strong>Aufstockung verf\u00fcgbar:<\/strong> Nein\n      <\/li>\n<li class=\"feature-item\" data-feature=\"data-only\">\n        <strong>Nur Daten:<\/strong> Ja\n      <\/li>\n<li class=\"feature-item\" data-feature=\"sms\">\n        <strong>SMS:<\/strong> Nein\n      <\/li>\n<li class=\"feature-item\" data-feature=\"calls\">\n        <strong>Anrufe:<\/strong> Nein, nur \u00fcber Apps (VOIP)\n      <\/li>\n<li class=\"feature-item\" data-feature=\"compatibility\">\n        <strong>Kompatibilit\u00e4t:<\/strong><br \/>\n        <a href=\"https:\/\/www.gsmarena.com\/results.php3?sSIMTypes=4\">Kompatibilit\u00e4t pr\u00fcfen<\/a>\n      <\/li>\n<\/ul><\/div>\n<div class=\"box box-description\">\n<h2>Beschreibung<\/h2>\n<p>Mit diesem eSIM-Tarif erhalten Sie h\u00f6chste Geschwindigkeiten in Zentralasien. Starten Sie Ihre eSIM sofort nach Ihrer Ankunft in Asien und genie\u00dfen Sie Hochgeschwindigkeitsdaten ohne versteckte Roaming-Geb\u00fchren.<\/p>\n<p class=\"more-description\">Bei diesem unbegrenzten Datentarif k\u00f6nnen Sie die Anzahl der Tage ausw\u00e4hlen. Die Datennutzung wird alle 24 Stunden zur\u00fcckgesetzt. Unbegrenzte 2G-Geschwindigkeit.<\/p>\n<\/p><\/div>\n<div class=\"box box-technical-specs\">\n<h2>Technische Daten<\/h2>\n<ul>\n<li class=\"spec-item\" data-spec=\"pre-activation\">\n        <strong>Vor-Aktivierungs-Tage:<\/strong> 30 Tage\n      <\/li>\n<li class=\"spec-item\" data-spec=\"data-exit\">\n        <strong>Datenexit Land:<\/strong> Unbekannt\n      <\/li>\n<li class=\"spec-item\" data-spec=\"hotspot\">\n        <strong>Hotspot:<\/strong> Ja\n      <\/li>\n<li class=\"spec-item\" data-spec=\"speed-reduction\">\n        <strong>Geschwindigkeitsreduzierung:<\/strong> Ja\n      <\/li>\n<li class=\"spec-item\" data-spec=\"coverage\">\n        <strong>Deckung:<\/strong> UZ, KZ, KG, PK, LK\n      <\/li>\n<li class=\"spec-item\" data-spec=\"networks\">\n        <strong>Netzwerke:<\/strong> UZ - Beeline 4G; KZ - Beeline 4G; KG - Beeline 4G; PK - Jazz 4G; LK - Mobitel 4G\n      <\/li>\n<li class=\"spec-item\" data-spec=\"country-list\">\n        <strong>Unterst\u00fctzte L\u00e4nder:<\/strong> Usbekistan, Kasachstan, Kirgisistan, Pakistan, Sri Lanka\n      <\/li>\n<\/ul><\/div>\n<\/div>","protected":false},"excerpt":{"rendered":"<ul>\n<li>Premium eSIM-Datentarif f\u00fcr Zentralasien - sofortige Aktivierung<\/li>\n<li>Kompatibel mit allen nicht gesperrten eSIM-Ger\u00e4ten weltweit<\/li>\n<li>QR-Code wird sofort per E-Mail zugestellt<\/li>\n<li>Gemeinsam nutzbarer Hotspot mit unbegrenzten Ger\u00e4teverbindungen<\/li>\n<li>4G\/5G-Hochgeschwindigkeitsdaten ohne Drosselung<\/li>\n<\/ul>","protected":false},"featured_media":1533,"template":"","meta":{"site-sidebar-layout":"default","site-content-layout":"","ast-site-content-layout":"default","site-content-style":"default","site-sidebar-style":"default","ast-global-header-display":"","ast-banner-title-visibility":"","ast-main-header-display":"","ast-hfb-above-header-display":"","ast-hfb-below-header-display":"","ast-hfb-mobile-header-display":"","site-post-title":"","ast-breadcrumbs-content":"","ast-featured-img":"","footer-sml-layout":"","theme-transparent-header-meta":"","adv-header-id-meta":"","stick-header-meta":"","header-above-stick-meta":"","header-main-stick-meta":"","header-below-stick-meta":"","astra-migrate-meta-layouts":"default","ast-page-background-enabled":"default","ast-page-background-meta":{"desktop":{"background-color":"var(--ast-global-color-4)","background-image":"","background-repeat":"repeat","background-position":"center center","background-size":"auto","background-attachment":"scroll","background-type":"","background-media":"","overlay-type":"","overlay-color":"","overlay-opacity":"","overlay-gradient":""},"tablet":{"background-color":"","background-image":"","background-repeat":"repeat","background-position":"center center","background-size":"auto","background-attachment":"scroll","background-type":"","background-media":"","overlay-type":"","overlay-color":"","overlay-opacity":"","overlay-gradient":""},"mobile":{"background-color":"","background-image":"","background-repeat":"repeat","background-position":"center center","background-size":"auto","background-attachment":"scroll","background-type":"","background-media":"","overlay-type":"","overlay-color":"","overlay-opacity":"","overlay-gradient":""}},"ast-content-background-meta":{"desktop":{"background-color":"var(--ast-global-color-5)","background-image":"","background-repeat":"repeat","background-position":"center center","background-size":"auto","background-attachment":"scroll","background-type":"","background-media":"","overlay-type":"","overlay-color":"","overlay-opacity":"","overlay-gradient":""},"tablet":{"background-color":"var(--ast-global-color-5)","background-image":"","background-repeat":"repeat","background-position":"center center","background-size":"auto","background-attachment":"scroll","background-type":"","background-media":"","overlay-type":"","overlay-color":"","overlay-opacity":"","overlay-gradient":""},"mobile":{"background-color":"var(--ast-global-color-5)","background-image":"","background-repeat":"repeat","background-position":"center center","background-size":"auto","background-attachment":"scroll","background-type":"","background-media":"","overlay-type":"","overlay-color":"","overlay-opacity":"","overlay-gradient":""}},"iawp_total_views":0},"product_brand":[],"product_cat":[39],"product_tag":[42,33,32,40,31],"class_list":{"0":"post-2905","1":"product","2":"type-product","3":"status-publish","4":"has-post-thumbnail","6":"product_cat-multi-country","7":"product_tag-global-data","8":"product_tag-international-roaming","9":"product_tag-mobile-internet","10":"product_tag-multi-country","11":"product_tag-travel-data","12":"desktop-align-left","13":"tablet-align-left","14":"mobile-align-left","16":"first","17":"instock","18":"sold-individually","19":"shipping-taxable","20":"purchasable","21":"product-type-variable"},"yoast_head":"<!-- This site is optimized with the Yoast SEO Premium plugin v26.2 (Yoast SEO v26.2) - https:\/\/yoast.com\/wordpress\/plugins\/seo\/ -->\n<title>Central Asia - Graham Miranda eSIM<\/title>\n<meta name=\"robots\" content=\"index, follow, max-snippet:-1, max-image-preview:large, max-video-preview:-1\" \/>\n<link rel=\"canonical\" href=\"https:\/\/esim.grahammiranda.com\/de\/shop\/regional\/mehrere-lander\/zentralasien\/\" \/>\n<meta property=\"og:locale\" content=\"de_DE\" \/>\n<meta property=\"og:type\" content=\"article\" \/>\n<meta property=\"og:title\" content=\"Central Asia\" \/>\n<meta property=\"og:description\" content=\"Premium eSIM data plan for Central Asia - instant activation Compatible with all unlocked eSIM devices worldwide QR code delivered instantly via email Shareable hotspot with unlimited device connections High-speed 4G\/5G data with no throttling\" \/>\n<meta property=\"og:url\" content=\"https:\/\/esim.grahammiranda.com\/de\/shop\/regional\/mehrere-lander\/zentralasien\/\" \/>\n<meta property=\"og:site_name\" content=\"Graham Miranda eSIM\" \/>\n<meta property=\"article:modified_time\" content=\"2025-09-27T21:31:37+00:00\" \/>\n<meta property=\"og:image\" content=\"https:\/\/esim.grahammiranda.com\/wp-content\/uploads\/2025\/09\/flags2Fregion2Fasia.webp\" \/>\n\t<meta property=\"og:image:width\" content=\"1024\" \/>\n\t<meta property=\"og:image:height\" content=\"1024\" \/>\n\t<meta property=\"og:image:type\" content=\"image\/png\" \/>\n<meta name=\"twitter:card\" content=\"summary_large_image\" \/>\n<meta name=\"twitter:label1\" content=\"Verf\u00fcgbarkeit\" \/>\n\t<meta name=\"twitter:data1\" content=\"Auf Lager\" \/>\n<script type=\"application\/ld+json\" class=\"yoast-schema-graph\">{\"@context\":\"https:\/\/schema.org\",\"@graph\":[{\"@type\":[\"WebPage\",\"ItemPage\"],\"@id\":\"https:\/\/esim.grahammiranda.com\/de\/shop\/regional\/mehrere-lander\/zentralasien\/\",\"url\":\"https:\/\/esim.grahammiranda.com\/de\/shop\/regional\/mehrere-lander\/zentralasien\/\",\"name\":\"Central Asia - Graham Miranda eSIM\",\"isPartOf\":{\"@id\":\"https:\/\/esim.grahammiranda.com\/de\/#website\"},\"primaryImageOfPage\":{\"@id\":\"https:\/\/esim.grahammiranda.com\/de\/shop\/regional\/mehrere-lander\/zentralasien\/#primaryimage\"},\"image\":{\"@id\":\"https:\/\/esim.grahammiranda.com\/de\/shop\/regional\/mehrere-lander\/zentralasien\/#primaryimage\"},\"thumbnailUrl\":\"https:\/\/esim.grahammiranda.com\/wp-content\/uploads\/2025\/09\/flags2Fregion2Fasia.webp\",\"datePublished\":\"2025-09-27T20:28:48+00:00\",\"dateModified\":\"2025-09-27T21:31:37+00:00\",\"breadcrumb\":{\"@id\":\"https:\/\/esim.grahammiranda.com\/de\/shop\/regional\/mehrere-lander\/zentralasien\/#breadcrumb\"},\"inLanguage\":\"de\",\"potentialAction\":[{\"@type\":\"ReadAction\",\"target\":[\"https:\/\/esim.grahammiranda.com\/de\/shop\/regional\/mehrere-lander\/zentralasien\/\"]}]},{\"@type\":\"ImageObject\",\"inLanguage\":\"de\",\"@id\":\"https:\/\/esim.grahammiranda.com\/de\/shop\/regional\/mehrere-lander\/zentralasien\/#primaryimage\",\"url\":\"https:\/\/esim.grahammiranda.com\/wp-content\/uploads\/2025\/09\/flags2Fregion2Fasia.webp\",\"contentUrl\":\"https:\/\/esim.grahammiranda.com\/wp-content\/uploads\/2025\/09\/flags2Fregion2Fasia.webp\",\"width\":1024,\"height\":1024},{\"@type\":\"BreadcrumbList\",\"@id\":\"https:\/\/esim.grahammiranda.com\/de\/shop\/regional\/mehrere-lander\/zentralasien\/#breadcrumb\",\"itemListElement\":[{\"@type\":\"ListItem\",\"position\":1,\"name\":\"Home\",\"item\":\"https:\/\/esim.grahammiranda.com\/\"},{\"@type\":\"ListItem\",\"position\":2,\"name\":\"Shop\",\"item\":\"https:\/\/esim.grahammiranda.com\/shop\/\"},{\"@type\":\"ListItem\",\"position\":3,\"name\":\"Central Asia\"}]},{\"@type\":\"WebSite\",\"@id\":\"https:\/\/esim.grahammiranda.com\/de\/#website\",\"url\":\"https:\/\/esim.grahammiranda.com\/de\/\",\"name\":\"Graham Miranda eSIM\",\"description\":\"\",\"publisher\":{\"@id\":\"https:\/\/esim.grahammiranda.com\/de\/#organization\"},\"potentialAction\":[{\"@type\":\"SearchAction\",\"target\":{\"@type\":\"EntryPoint\",\"urlTemplate\":\"https:\/\/esim.grahammiranda.com\/de\/?s={search_term_string}\"},\"query-input\":{\"@type\":\"PropertyValueSpecification\",\"valueRequired\":true,\"valueName\":\"search_term_string\"}}],\"inLanguage\":\"de\"},{\"@type\":\"Organization\",\"@id\":\"https:\/\/esim.grahammiranda.com\/de\/#organization\",\"name\":\"Graham Miranda\",\"url\":\"https:\/\/esim.grahammiranda.com\/de\/\",\"logo\":{\"@type\":\"ImageObject\",\"inLanguage\":\"de\",\"@id\":\"https:\/\/esim.grahammiranda.com\/de\/#\/schema\/logo\/image\/\",\"url\":\"https:\/\/esim.grahammiranda.com\/wp-content\/uploads\/2025\/09\/eSIM-GrahamMiranda-Logo.webp\",\"contentUrl\":\"https:\/\/esim.grahammiranda.com\/wp-content\/uploads\/2025\/09\/eSIM-GrahamMiranda-Logo.webp\",\"width\":427,\"height\":363,\"caption\":\"Graham Miranda\"},\"image\":{\"@id\":\"https:\/\/esim.grahammiranda.com\/de\/#\/schema\/logo\/image\/\"},\"legalName\":\"Graham Miranda\",\"foundingDate\":\"2025-09-12\"}]}<\/script>\n<meta property=\"og:availability\" content=\"instock\" \/>\n<meta property=\"product:availability\" content=\"instock\" \/>\n<meta property=\"product:retailer_item_id\" content=\"as-5_zone\" \/>\n<meta property=\"product:condition\" content=\"new\" \/>\n<!-- \/ Yoast SEO Premium plugin. -->","yoast_head_json":{"title":"Zentralasien - Graham Miranda eSIM","robots":{"index":"index","follow":"follow","max-snippet":"max-snippet:-1","max-image-preview":"max-image-preview:large","max-video-preview":"max-video-preview:-1"},"canonical":"https:\/\/esim.grahammiranda.com\/de\/shop\/regional\/mehrere-lander\/zentralasien\/","og_locale":"de_DE","og_type":"article","og_title":"Central Asia","og_description":"Premium eSIM data plan for Central Asia - instant activation Compatible with all unlocked eSIM devices worldwide QR code delivered instantly via email Shareable hotspot with unlimited device connections High-speed 4G\/5G data with no throttling","og_url":"https:\/\/esim.grahammiranda.com\/de\/shop\/regional\/mehrere-lander\/zentralasien\/","og_site_name":"Graham Miranda eSIM","article_modified_time":"2025-09-27T21:31:37+00:00","og_image":[{"width":1024,"height":1024,"url":"https:\/\/esim.grahammiranda.com\/wp-content\/uploads\/2025\/09\/flags2Fregion2Fasia.webp","type":"image\/png"}],"twitter_card":"summary_large_image","twitter_misc":{"Verf\u00fcgbarkeit":"Auf Lager"},"schema":{"@context":"https:\/\/schema.org","@graph":[{"@type":["WebPage","ItemPage"],"@id":"https:\/\/esim.grahammiranda.com\/de\/shop\/regional\/mehrere-lander\/zentralasien\/","url":"https:\/\/esim.grahammiranda.com\/de\/shop\/regional\/mehrere-lander\/zentralasien\/","name":"Zentralasien - Graham Miranda eSIM","isPartOf":{"@id":"https:\/\/esim.grahammiranda.com\/de\/#website"},"primaryImageOfPage":{"@id":"https:\/\/esim.grahammiranda.com\/de\/shop\/regional\/mehrere-lander\/zentralasien\/#primaryimage"},"image":{"@id":"https:\/\/esim.grahammiranda.com\/de\/shop\/regional\/mehrere-lander\/zentralasien\/#primaryimage"},"thumbnailUrl":"https:\/\/esim.grahammiranda.com\/wp-content\/uploads\/2025\/09\/flags2Fregion2Fasia.webp","datePublished":"2025-09-27T20:28:48+00:00","dateModified":"2025-09-27T21:31:37+00:00","breadcrumb":{"@id":"https:\/\/esim.grahammiranda.com\/de\/shop\/regional\/mehrere-lander\/zentralasien\/#breadcrumb"},"inLanguage":"de","potentialAction":[{"@type":"ReadAction","target":["https:\/\/esim.grahammiranda.com\/de\/shop\/regional\/mehrere-lander\/zentralasien\/"]}]},{"@type":"ImageObject","inLanguage":"de","@id":"https:\/\/esim.grahammiranda.com\/de\/shop\/regional\/mehrere-lander\/zentralasien\/#primaryimage","url":"https:\/\/esim.grahammiranda.com\/wp-content\/uploads\/2025\/09\/flags2Fregion2Fasia.webp","contentUrl":"https:\/\/esim.grahammiranda.com\/wp-content\/uploads\/2025\/09\/flags2Fregion2Fasia.webp","width":1024,"height":1024},{"@type":"BreadcrumbList","@id":"https:\/\/esim.grahammiranda.com\/de\/shop\/regional\/mehrere-lander\/zentralasien\/#breadcrumb","itemListElement":[{"@type":"ListItem","position":1,"name":"Home","item":"https:\/\/esim.grahammiranda.com\/"},{"@type":"ListItem","position":2,"name":"Shop","item":"https:\/\/esim.grahammiranda.com\/shop\/"},{"@type":"ListItem","position":3,"name":"Central Asia"}]},{"@type":"WebSite","@id":"https:\/\/esim.grahammiranda.com\/de\/#website","url":"https:\/\/esim.grahammiranda.com\/de\/","name":"Graham Miranda eSIM","description":"","publisher":{"@id":"https:\/\/esim.grahammiranda.com\/de\/#organization"},"potentialAction":[{"@type":"SearchAction","target":{"@type":"EntryPoint","urlTemplate":"https:\/\/esim.grahammiranda.com\/de\/?s={search_term_string}"},"query-input":{"@type":"PropertyValueSpecification","valueRequired":true,"valueName":"search_term_string"}}],"inLanguage":"de"},{"@type":"Organization","@id":"https:\/\/esim.grahammiranda.com\/de\/#organization","name":"Graham Miranda","url":"https:\/\/esim.grahammiranda.com\/de\/","logo":{"@type":"ImageObject","inLanguage":"de","@id":"https:\/\/esim.grahammiranda.com\/de\/#\/schema\/logo\/image\/","url":"https:\/\/esim.grahammiranda.com\/wp-content\/uploads\/2025\/09\/eSIM-GrahamMiranda-Logo.webp","contentUrl":"https:\/\/esim.grahammiranda.com\/wp-content\/uploads\/2025\/09\/eSIM-GrahamMiranda-Logo.webp","width":427,"height":363,"caption":"Graham Miranda"},"image":{"@id":"https:\/\/esim.grahammiranda.com\/de\/#\/schema\/logo\/image\/"},"legalName":"Graham Miranda","foundingDate":"2025-09-12"}]},"og_availability":"instock","product_availability":"instock","product_retailer_item_id":"as-5_zone","product_condition":"new"},"_links":{"self":[{"href":"https:\/\/esim.grahammiranda.com\/de\/wp-json\/wp\/v2\/product\/2905","targetHints":{"allow":["GET"]}}],"collection":[{"href":"https:\/\/esim.grahammiranda.com\/de\/wp-json\/wp\/v2\/product"}],"about":[{"href":"https:\/\/esim.grahammiranda.com\/de\/wp-json\/wp\/v2\/types\/product"}],"wp:featuredmedia":[{"embeddable":true,"href":"https:\/\/esim.grahammiranda.com\/de\/wp-json\/wp\/v2\/media\/1533"}],"wp:attachment":[{"href":"https:\/\/esim.grahammiranda.com\/de\/wp-json\/wp\/v2\/media?parent=2905"}],"wp:term":[{"taxonomy":"product_brand","embeddable":true,"href":"https:\/\/esim.grahammiranda.com\/de\/wp-json\/wp\/v2\/product_brand?post=2905"},{"taxonomy":"product_cat","embeddable":true,"href":"https:\/\/esim.grahammiranda.com\/de\/wp-json\/wp\/v2\/product_cat?post=2905"},{"taxonomy":"product_tag","embeddable":true,"href":"https:\/\/esim.grahammiranda.com\/de\/wp-json\/wp\/v2\/product_tag?post=2905"}],"curies":[{"name":"wp","href":"https:\/\/api.w.org\/{rel}","templated":true}]}}