{"id":2964,"date":"2025-09-27T20:29:33","date_gmt":"2025-09-27T20:29:33","guid":{"rendered":"https:\/\/esim.grahammiranda.com\/product\/europe-30-areas\/"},"modified":"2025-09-27T21:32:11","modified_gmt":"2025-09-27T21:32:11","slug":"europa-30-gebiete","status":"publish","type":"product","link":"https:\/\/esim.grahammiranda.com\/de\/shop\/regional\/mehrere-lander\/europa-30-gebiete\/","title":{"rendered":"Europa (30+ Gebiete)"},"content":{"rendered":"<div class=\"three-box-layout\">\n<div class=\"box box-features\">\n<h2>Eigenschaften<\/h2>\n<ul>\n<li class=\"feature-item\" data-feature=\"use-in\">\n        <strong>Verwendung in:<\/strong> \ud83c\uddee\ud83c\uddf8, \ud83c\uddee\ud83c\uddea, \ud83c\uddee\ud83c\uddf9, \ud83c\uddf1\ud83c\uddfb, \ud83c\uddf1\ud83c\uddf9, \ud83c\uddf1\ud83c\uddfa, \ud83c\uddf2\ud83c\uddf9, \ud83c\uddf3\ud83c\uddf1, \ud83c\uddf5\ud83c\uddf1, \ud83c\uddf5\ud83c\uddf9, \ud83c\uddf7\ud83c\uddf4, \ud83c\uddf8\ud83c\uddf0, \ud83c\uddf8\ud83c\uddee, \ud83c\uddea\ud83c\uddf8, \ud83c\uddf8\ud83c\uddea, \ud83c\udde8\ud83c\udded, \ud83c\uddfa\ud83c\udde6, \ud83c\uddec\ud83c\udde7, \ud83c\uddf1\ud83c\uddee, \ud83c\uddf3\ud83c\uddf4, \ud83c\udde6\ud83c\uddf9, \ud83c\udde7\ud83c\uddea, \ud83c\udde7\ud83c\uddec, \ud83c\udded\ud83c\uddf7, \ud83c\udde8\ud83c\uddfe, \ud83c\udde8\ud83c\uddff, \ud83c\uddf9\ud83c\uddf7, \ud83c\udde9\ud83c\uddf0, \ud83c\uddea\ud83c\uddea, \ud83c\uddeb\ud83c\uddee, \ud83c\uddeb\ud83c\uddf7, \ud83c\udde9\ud83c\uddea, \ud83c\uddec\ud83c\uddf7, \ud83c\udded\ud83c\uddfa\n      <\/li>\n<li class=\"feature-item\" data-feature=\"top-up\">\n        <strong>Aufstockung verf\u00fcgbar:<\/strong> Ja\n      <\/li>\n<li class=\"feature-item\" data-feature=\"data-only\">\n        <strong>Nur Daten:<\/strong> Ja\n      <\/li>\n<li class=\"feature-item\" data-feature=\"sms\">\n        <strong>SMS:<\/strong> Nein\n      <\/li>\n<li class=\"feature-item\" data-feature=\"calls\">\n        <strong>Anrufe:<\/strong> Nein, nur \u00fcber Apps (VOIP)\n      <\/li>\n<li class=\"feature-item\" data-feature=\"compatibility\">\n        <strong>Kompatibilit\u00e4t:<\/strong><br \/>\n        <a href=\"https:\/\/www.gsmarena.com\/results.php3?sSIMTypes=4\">Kompatibilit\u00e4t pr\u00fcfen<\/a>\n      <\/li>\n<\/ul><\/div>\n<div class=\"box box-description\">\n<h2>Beschreibung<\/h2>\n<p>Mit diesem eSIM-Tarif erhalten Sie die h\u00f6chsten Geschwindigkeiten in Europa (30+ Gebiete). Starten Sie Ihre eSIM sofort nach Ihrer Ankunft in Europa und genie\u00dfen Sie Hochgeschwindigkeitsdaten ohne versteckte Roaming-Geb\u00fchren.<\/p>\n<p class=\"more-description\">Dies ist ein Datentarif mit voller Geschwindigkeit.<\/p>\n<\/p><\/div>\n<div class=\"box box-technical-specs\">\n<h2>Technische Daten<\/h2>\n<ul>\n<li class=\"spec-item\" data-spec=\"pre-activation\">\n        <strong>Vor-Aktivierungs-Tage:<\/strong> 180 Tage\n      <\/li>\n<li class=\"spec-item\" data-spec=\"data-exit\">\n        <strong>Datenexit Land:<\/strong> Unbekannt\n      <\/li>\n<li class=\"spec-item\" data-spec=\"hotspot\">\n        <strong>Hotspot:<\/strong> Ja\n      <\/li>\n<li class=\"spec-item\" data-spec=\"speed-reduction\">\n        <strong>Geschwindigkeitsreduzierung:<\/strong> Nein\n      <\/li>\n<li class=\"spec-item\" data-spec=\"coverage\">\n        <strong>Deckung:<\/strong> IS, IE, IT, LV, LT, LU, MT, NL, PL, PT, RO, SK, SI, ES, SE, CH, UA, GB, LI, NO, AT, BE, BG, HR, CY, CZ, TR, DK, EE, FI, FR, DE, GR, HU\n      <\/li>\n<li class=\"spec-item\" data-spec=\"networks\">\n        <strong>Netzwerke:<\/strong> IS - Nova 5G, S\u00edminn 5G; IE - Vodafone 5G, 3 5G, Eir 5G; IT - Iliad 5G, Vodafone 5G, Wind 5G; LV - Tele2 5G, LMT 5G, Bite 4G; LT - Tele2 4G, BIT\u0116 4G, Telia 5G; LU - POST 5G, Tango 5G, Orange 5G; MT - GO 5G, Vodafone 5G, Melita 5G; NL - Vodafone 5G, KPN 5G; PL - Orange 5G, Play 5G; PT - NOS 5G, Vodafone 5G, MEO 5G; RO - Vodafone 5G, Orange 5G, Digi.Mobil 5G; SK - Orange 5G, O2 5G; SI - Mobitel 5G, A1 4G, Telemach 5G; ES - Vodafone 5G, Orange 5G, Movistar 5G, Yoigo 4G; SE - 3 5G, Tele2 5G, Telia 5G; CH - Sunrise 5G, Salt 5G; UA - lifecell 4G, Kyivstar 4G; GB - T-Mobile 4G, Vodafone 5G, O2 5G, 3 5G; LI - FL1 5G, 7acht 5G; NO - Telia 5G; AT - 3 5G, Hutchison 5G; BE - Base 5G, Orange 5G, Proximus 5G; BG - A1 4G, Telenor 4G, Vivacom 5G; HR - Tele2 5G, A1 5G; CY - Vodafone 5G, PrimeTel 4G, Epic 5G; CZ - Vodafone 5G, O2 5G; TR - Avea 5G, Turkcell 5G; DK - 3 5G, Telia 5G, TDC 5G; EE - Telia 5G, Tele2 4G, Elisa 5G; FI - Elisa 5G, Telia 5G, Telia \/ DNA 5G; FR - Orange 5G, SFR 5G, Bouygues 5G, Free Mobile 5G; DE - Vodafone 5G, O2 5G; GR - Vodafone 5G, Wind 5G; HU - Telenor Ungarn 5G, Vodafone 4G\n      <\/li>\n<li class=\"spec-item\" data-spec=\"country-list\">\n        <strong>Unterst\u00fctzte L\u00e4nder:<\/strong> Island, Irland, Italien, Lettland, Litauen, Luxemburg, Malta, Niederlande, Polen, Portugal, Rum\u00e4nien, Slowakei, Slowenien, Spanien, Schweden, Schweiz, Ukraine, Vereinigtes K\u00f6nigreich, Liechtenstein, Norwegen, \u00d6sterreich, Belgien, Bulgarien, Kroatien, Zypern, Tschechische Republik, T\u00fcrkei, D\u00e4nemark, Estland, Finnland, Frankreich, Deutschland, Griechenland, Ungarn\n      <\/li>\n<\/ul><\/div>\n<\/div>","protected":false},"excerpt":{"rendered":"<ul>\n<li>Premium eSIM-Datenplan f\u00fcr Europa (30+ Gebiete) - sofortige Aktivierung<\/li>\n<li>Kompatibel mit allen nicht gesperrten eSIM-Ger\u00e4ten weltweit<\/li>\n<li>QR-Code wird sofort per E-Mail zugestellt<\/li>\n<li>Gemeinsam nutzbarer Hotspot mit unbegrenzten Ger\u00e4teverbindungen<\/li>\n<li>4G\/5G-Hochgeschwindigkeitsdaten ohne Drosselung<\/li>\n<\/ul>","protected":false},"featured_media":1637,"template":"","meta":{"site-sidebar-layout":"default","site-content-layout":"","ast-site-content-layout":"default","site-content-style":"default","site-sidebar-style":"default","ast-global-header-display":"","ast-banner-title-visibility":"","ast-main-header-display":"","ast-hfb-above-header-display":"","ast-hfb-below-header-display":"","ast-hfb-mobile-header-display":"","site-post-title":"","ast-breadcrumbs-content":"","ast-featured-img":"","footer-sml-layout":"","theme-transparent-header-meta":"","adv-header-id-meta":"","stick-header-meta":"","header-above-stick-meta":"","header-main-stick-meta":"","header-below-stick-meta":"","astra-migrate-meta-layouts":"default","ast-page-background-enabled":"default","ast-page-background-meta":{"desktop":{"background-color":"var(--ast-global-color-4)","background-image":"","background-repeat":"repeat","background-position":"center center","background-size":"auto","background-attachment":"scroll","background-type":"","background-media":"","overlay-type":"","overlay-color":"","overlay-opacity":"","overlay-gradient":""},"tablet":{"background-color":"","background-image":"","background-repeat":"repeat","background-position":"center center","background-size":"auto","background-attachment":"scroll","background-type":"","background-media":"","overlay-type":"","overlay-color":"","overlay-opacity":"","overlay-gradient":""},"mobile":{"background-color":"","background-image":"","background-repeat":"repeat","background-position":"center center","background-size":"auto","background-attachment":"scroll","background-type":"","background-media":"","overlay-type":"","overlay-color":"","overlay-opacity":"","overlay-gradient":""}},"ast-content-background-meta":{"desktop":{"background-color":"var(--ast-global-color-5)","background-image":"","background-repeat":"repeat","background-position":"center center","background-size":"auto","background-attachment":"scroll","background-type":"","background-media":"","overlay-type":"","overlay-color":"","overlay-opacity":"","overlay-gradient":""},"tablet":{"background-color":"var(--ast-global-color-5)","background-image":"","background-repeat":"repeat","background-position":"center center","background-size":"auto","background-attachment":"scroll","background-type":"","background-media":"","overlay-type":"","overlay-color":"","overlay-opacity":"","overlay-gradient":""},"mobile":{"background-color":"var(--ast-global-color-5)","background-image":"","background-repeat":"repeat","background-position":"center center","background-size":"auto","background-attachment":"scroll","background-type":"","background-media":"","overlay-type":"","overlay-color":"","overlay-opacity":"","overlay-gradient":""}},"iawp_total_views":1},"product_brand":[],"product_cat":[39],"product_tag":[42,33,32,40,31],"class_list":{"0":"post-2964","1":"product","2":"type-product","3":"status-publish","4":"has-post-thumbnail","6":"product_cat-multi-country","7":"product_tag-global-data","8":"product_tag-international-roaming","9":"product_tag-mobile-internet","10":"product_tag-multi-country","11":"product_tag-travel-data","12":"desktop-align-left","13":"tablet-align-left","14":"mobile-align-left","16":"first","17":"instock","18":"sold-individually","19":"shipping-taxable","20":"purchasable","21":"product-type-variable"},"yoast_head":"<!-- This site is optimized with the Yoast SEO Premium plugin v26.2 (Yoast SEO v26.2) - https:\/\/yoast.com\/wordpress\/plugins\/seo\/ -->\n<title>Europe (30+ areas) - Graham Miranda eSIM<\/title>\n<meta name=\"robots\" content=\"index, follow, max-snippet:-1, max-image-preview:large, max-video-preview:-1\" \/>\n<link rel=\"canonical\" href=\"https:\/\/esim.grahammiranda.com\/de\/shop\/regional\/mehrere-lander\/europa-30-gebiete\/\" \/>\n<meta property=\"og:locale\" content=\"de_DE\" \/>\n<meta property=\"og:type\" content=\"article\" \/>\n<meta property=\"og:title\" content=\"Europe (30+ areas)\" \/>\n<meta property=\"og:description\" content=\"Premium eSIM data plan for Europe (30+ areas) - instant activation Compatible with all unlocked eSIM devices worldwide QR code delivered instantly via email Shareable hotspot with unlimited device connections High-speed 4G\/5G data with no throttling\" \/>\n<meta property=\"og:url\" content=\"https:\/\/esim.grahammiranda.com\/de\/shop\/regional\/mehrere-lander\/europa-30-gebiete\/\" \/>\n<meta property=\"og:site_name\" content=\"Graham Miranda eSIM\" \/>\n<meta property=\"article:modified_time\" content=\"2025-09-27T21:32:11+00:00\" \/>\n<meta property=\"og:image\" content=\"https:\/\/esim.grahammiranda.com\/wp-content\/uploads\/2025\/09\/flags2Fregion2Feurope.webp\" \/>\n\t<meta property=\"og:image:width\" content=\"1024\" \/>\n\t<meta property=\"og:image:height\" content=\"1024\" \/>\n\t<meta property=\"og:image:type\" content=\"image\/png\" \/>\n<meta name=\"twitter:card\" content=\"summary_large_image\" \/>\n<meta name=\"twitter:label1\" content=\"Verf\u00fcgbarkeit\" \/>\n\t<meta name=\"twitter:data1\" content=\"Auf Lager\" \/>\n<script type=\"application\/ld+json\" class=\"yoast-schema-graph\">{\"@context\":\"https:\/\/schema.org\",\"@graph\":[{\"@type\":[\"WebPage\",\"ItemPage\"],\"@id\":\"https:\/\/esim.grahammiranda.com\/de\/shop\/regional\/mehrere-lander\/europa-30-gebiete\/\",\"url\":\"https:\/\/esim.grahammiranda.com\/de\/shop\/regional\/mehrere-lander\/europa-30-gebiete\/\",\"name\":\"Europe (30+ areas) - Graham Miranda eSIM\",\"isPartOf\":{\"@id\":\"https:\/\/esim.grahammiranda.com\/de\/#website\"},\"primaryImageOfPage\":{\"@id\":\"https:\/\/esim.grahammiranda.com\/de\/shop\/regional\/mehrere-lander\/europa-30-gebiete\/#primaryimage\"},\"image\":{\"@id\":\"https:\/\/esim.grahammiranda.com\/de\/shop\/regional\/mehrere-lander\/europa-30-gebiete\/#primaryimage\"},\"thumbnailUrl\":\"https:\/\/esim.grahammiranda.com\/wp-content\/uploads\/2025\/09\/flags2Fregion2Feurope.webp\",\"datePublished\":\"2025-09-27T20:29:33+00:00\",\"dateModified\":\"2025-09-27T21:32:11+00:00\",\"breadcrumb\":{\"@id\":\"https:\/\/esim.grahammiranda.com\/de\/shop\/regional\/mehrere-lander\/europa-30-gebiete\/#breadcrumb\"},\"inLanguage\":\"de\",\"potentialAction\":[{\"@type\":\"ReadAction\",\"target\":[\"https:\/\/esim.grahammiranda.com\/de\/shop\/regional\/mehrere-lander\/europa-30-gebiete\/\"]}]},{\"@type\":\"ImageObject\",\"inLanguage\":\"de\",\"@id\":\"https:\/\/esim.grahammiranda.com\/de\/shop\/regional\/mehrere-lander\/europa-30-gebiete\/#primaryimage\",\"url\":\"https:\/\/esim.grahammiranda.com\/wp-content\/uploads\/2025\/09\/flags2Fregion2Feurope.webp\",\"contentUrl\":\"https:\/\/esim.grahammiranda.com\/wp-content\/uploads\/2025\/09\/flags2Fregion2Feurope.webp\",\"width\":1024,\"height\":1024},{\"@type\":\"BreadcrumbList\",\"@id\":\"https:\/\/esim.grahammiranda.com\/de\/shop\/regional\/mehrere-lander\/europa-30-gebiete\/#breadcrumb\",\"itemListElement\":[{\"@type\":\"ListItem\",\"position\":1,\"name\":\"Home\",\"item\":\"https:\/\/esim.grahammiranda.com\/\"},{\"@type\":\"ListItem\",\"position\":2,\"name\":\"Shop\",\"item\":\"https:\/\/esim.grahammiranda.com\/shop\/\"},{\"@type\":\"ListItem\",\"position\":3,\"name\":\"Europe (30+ areas)\"}]},{\"@type\":\"WebSite\",\"@id\":\"https:\/\/esim.grahammiranda.com\/de\/#website\",\"url\":\"https:\/\/esim.grahammiranda.com\/de\/\",\"name\":\"Graham Miranda eSIM\",\"description\":\"\",\"publisher\":{\"@id\":\"https:\/\/esim.grahammiranda.com\/de\/#organization\"},\"potentialAction\":[{\"@type\":\"SearchAction\",\"target\":{\"@type\":\"EntryPoint\",\"urlTemplate\":\"https:\/\/esim.grahammiranda.com\/de\/?s={search_term_string}\"},\"query-input\":{\"@type\":\"PropertyValueSpecification\",\"valueRequired\":true,\"valueName\":\"search_term_string\"}}],\"inLanguage\":\"de\"},{\"@type\":\"Organization\",\"@id\":\"https:\/\/esim.grahammiranda.com\/de\/#organization\",\"name\":\"Graham Miranda\",\"url\":\"https:\/\/esim.grahammiranda.com\/de\/\",\"logo\":{\"@type\":\"ImageObject\",\"inLanguage\":\"de\",\"@id\":\"https:\/\/esim.grahammiranda.com\/de\/#\/schema\/logo\/image\/\",\"url\":\"https:\/\/esim.grahammiranda.com\/wp-content\/uploads\/2025\/09\/eSIM-GrahamMiranda-Logo.webp\",\"contentUrl\":\"https:\/\/esim.grahammiranda.com\/wp-content\/uploads\/2025\/09\/eSIM-GrahamMiranda-Logo.webp\",\"width\":427,\"height\":363,\"caption\":\"Graham Miranda\"},\"image\":{\"@id\":\"https:\/\/esim.grahammiranda.com\/de\/#\/schema\/logo\/image\/\"},\"legalName\":\"Graham Miranda\",\"foundingDate\":\"2025-09-12\"}]}<\/script>\n<meta property=\"og:availability\" content=\"instock\" \/>\n<meta property=\"product:availability\" content=\"instock\" \/>\n<meta property=\"product:retailer_item_id\" content=\"eu-30_zone\" \/>\n<meta property=\"product:condition\" content=\"new\" \/>\n<!-- \/ Yoast SEO Premium plugin. -->","yoast_head_json":{"title":"Europa (30+ Gebiete) - Graham Miranda eSIM","robots":{"index":"index","follow":"follow","max-snippet":"max-snippet:-1","max-image-preview":"max-image-preview:large","max-video-preview":"max-video-preview:-1"},"canonical":"https:\/\/esim.grahammiranda.com\/de\/shop\/regional\/mehrere-lander\/europa-30-gebiete\/","og_locale":"de_DE","og_type":"article","og_title":"Europe (30+ areas)","og_description":"Premium eSIM data plan for Europe (30+ areas) - instant activation Compatible with all unlocked eSIM devices worldwide QR code delivered instantly via email Shareable hotspot with unlimited device connections High-speed 4G\/5G data with no throttling","og_url":"https:\/\/esim.grahammiranda.com\/de\/shop\/regional\/mehrere-lander\/europa-30-gebiete\/","og_site_name":"Graham Miranda eSIM","article_modified_time":"2025-09-27T21:32:11+00:00","og_image":[{"width":1024,"height":1024,"url":"https:\/\/esim.grahammiranda.com\/wp-content\/uploads\/2025\/09\/flags2Fregion2Feurope.webp","type":"image\/png"}],"twitter_card":"summary_large_image","twitter_misc":{"Verf\u00fcgbarkeit":"Auf Lager"},"schema":{"@context":"https:\/\/schema.org","@graph":[{"@type":["WebPage","ItemPage"],"@id":"https:\/\/esim.grahammiranda.com\/de\/shop\/regional\/mehrere-lander\/europa-30-gebiete\/","url":"https:\/\/esim.grahammiranda.com\/de\/shop\/regional\/mehrere-lander\/europa-30-gebiete\/","name":"Europa (30+ Gebiete) - Graham Miranda eSIM","isPartOf":{"@id":"https:\/\/esim.grahammiranda.com\/de\/#website"},"primaryImageOfPage":{"@id":"https:\/\/esim.grahammiranda.com\/de\/shop\/regional\/mehrere-lander\/europa-30-gebiete\/#primaryimage"},"image":{"@id":"https:\/\/esim.grahammiranda.com\/de\/shop\/regional\/mehrere-lander\/europa-30-gebiete\/#primaryimage"},"thumbnailUrl":"https:\/\/esim.grahammiranda.com\/wp-content\/uploads\/2025\/09\/flags2Fregion2Feurope.webp","datePublished":"2025-09-27T20:29:33+00:00","dateModified":"2025-09-27T21:32:11+00:00","breadcrumb":{"@id":"https:\/\/esim.grahammiranda.com\/de\/shop\/regional\/mehrere-lander\/europa-30-gebiete\/#breadcrumb"},"inLanguage":"de","potentialAction":[{"@type":"ReadAction","target":["https:\/\/esim.grahammiranda.com\/de\/shop\/regional\/mehrere-lander\/europa-30-gebiete\/"]}]},{"@type":"ImageObject","inLanguage":"de","@id":"https:\/\/esim.grahammiranda.com\/de\/shop\/regional\/mehrere-lander\/europa-30-gebiete\/#primaryimage","url":"https:\/\/esim.grahammiranda.com\/wp-content\/uploads\/2025\/09\/flags2Fregion2Feurope.webp","contentUrl":"https:\/\/esim.grahammiranda.com\/wp-content\/uploads\/2025\/09\/flags2Fregion2Feurope.webp","width":1024,"height":1024},{"@type":"BreadcrumbList","@id":"https:\/\/esim.grahammiranda.com\/de\/shop\/regional\/mehrere-lander\/europa-30-gebiete\/#breadcrumb","itemListElement":[{"@type":"ListItem","position":1,"name":"Home","item":"https:\/\/esim.grahammiranda.com\/"},{"@type":"ListItem","position":2,"name":"Shop","item":"https:\/\/esim.grahammiranda.com\/shop\/"},{"@type":"ListItem","position":3,"name":"Europe (30+ areas)"}]},{"@type":"WebSite","@id":"https:\/\/esim.grahammiranda.com\/de\/#website","url":"https:\/\/esim.grahammiranda.com\/de\/","name":"Graham Miranda eSIM","description":"","publisher":{"@id":"https:\/\/esim.grahammiranda.com\/de\/#organization"},"potentialAction":[{"@type":"SearchAction","target":{"@type":"EntryPoint","urlTemplate":"https:\/\/esim.grahammiranda.com\/de\/?s={search_term_string}"},"query-input":{"@type":"PropertyValueSpecification","valueRequired":true,"valueName":"search_term_string"}}],"inLanguage":"de"},{"@type":"Organization","@id":"https:\/\/esim.grahammiranda.com\/de\/#organization","name":"Graham Miranda","url":"https:\/\/esim.grahammiranda.com\/de\/","logo":{"@type":"ImageObject","inLanguage":"de","@id":"https:\/\/esim.grahammiranda.com\/de\/#\/schema\/logo\/image\/","url":"https:\/\/esim.grahammiranda.com\/wp-content\/uploads\/2025\/09\/eSIM-GrahamMiranda-Logo.webp","contentUrl":"https:\/\/esim.grahammiranda.com\/wp-content\/uploads\/2025\/09\/eSIM-GrahamMiranda-Logo.webp","width":427,"height":363,"caption":"Graham Miranda"},"image":{"@id":"https:\/\/esim.grahammiranda.com\/de\/#\/schema\/logo\/image\/"},"legalName":"Graham Miranda","foundingDate":"2025-09-12"}]},"og_availability":"instock","product_availability":"instock","product_retailer_item_id":"eu-30_zone","product_condition":"new"},"_links":{"self":[{"href":"https:\/\/esim.grahammiranda.com\/de\/wp-json\/wp\/v2\/product\/2964","targetHints":{"allow":["GET"]}}],"collection":[{"href":"https:\/\/esim.grahammiranda.com\/de\/wp-json\/wp\/v2\/product"}],"about":[{"href":"https:\/\/esim.grahammiranda.com\/de\/wp-json\/wp\/v2\/types\/product"}],"wp:featuredmedia":[{"embeddable":true,"href":"https:\/\/esim.grahammiranda.com\/de\/wp-json\/wp\/v2\/media\/1637"}],"wp:attachment":[{"href":"https:\/\/esim.grahammiranda.com\/de\/wp-json\/wp\/v2\/media?parent=2964"}],"wp:term":[{"taxonomy":"product_brand","embeddable":true,"href":"https:\/\/esim.grahammiranda.com\/de\/wp-json\/wp\/v2\/product_brand?post=2964"},{"taxonomy":"product_cat","embeddable":true,"href":"https:\/\/esim.grahammiranda.com\/de\/wp-json\/wp\/v2\/product_cat?post=2964"},{"taxonomy":"product_tag","embeddable":true,"href":"https:\/\/esim.grahammiranda.com\/de\/wp-json\/wp\/v2\/product_tag?post=2964"}],"curies":[{"name":"wp","href":"https:\/\/api.w.org\/{rel}","templated":true}]}}